{"id":17,"date":"2011-01-11T15:50:22","date_gmt":"2011-01-11T15:50:22","guid":{"rendered":"http:\/\/www.photoexplore.ro\/blog"},"modified":"2012-08-16T21:31:33","modified_gmt":"2012-08-16T18:31:33","slug":"gear","status":"publish","type":"page","link":"https:\/\/www.photoexplore.ro\/blog\/gear\/","title":{"rendered":"GEAR"},"content":{"rendered":"<p>Canon 7D DSLR<br \/>\nCanon 1000D DSLR &#8211; <del>\u00een cur\u00e2nd modat\u0103 IR<\/del> &#8211; IR mod, scos filtrul IR de pe senzor.<br \/>\nCanon EF 100mm f\/2.8 USM Macro<br \/>\nCanon EF 70-200mm f\/2.8 L USM<br \/>\nCanon EF-S 10-22mm f\/3.5-4.5 USM<br \/>\nTamron 17-50mm f\/2.8 LD XR DiII<br \/>\n<del>Tamron AF 70-300mm f\/4-5.6 Di LD Macro<\/del><br \/>\nCanon EF-S 18-55mm f\/3.5-5.6 &#8211; cel de kit, st\u0103 aiurea prin cas\u0103.<\/p>\n<p>Filtre: UV pentru protec\u0163ie, polarizare, HOYA IR &#8211; R72 67 mm.<br \/>\nSLIK Sprint Pro EZ<br \/>\nGiottos VT809 tripod<br \/>\nGiottos MM9780 monopod<br \/>\nManfrotto 484RC2 ball head<\/p>\n<p>Kata DR-467i Black backpack<br \/>\nKata T-214 Torso Pack<\/p>\n<p>Adobe Photoshop Lightroom 3<br \/>\n<a href=\"http:\/\/www.photoexplore.ro\/blog\/2011\/02\/tableta-wacom-intuos-4-m-adobe-lightroom-3\/\">Wacom Intuos 4 M<\/a><\/p>\n<p>Canon SX10is P&amp;S<br \/>\nFuji HS20EXR &#8211; bridge<\/p>\n<p>Prima camer\u0103 digital\u0103: FUJI S6500fd, de care m-am desp\u0103r\u021bit destul de greu&#8230;<\/p>\n","protected":false},"excerpt":{"rendered":"<p>Canon 7D DSLR Canon 1000D DSLR &#8211; \u00een cur\u00e2nd modat\u0103 IR &#8211; IR mod, scos filtrul IR de pe senzor. Canon EF 100mm f\/2.8 USM Macro Canon EF 70-200mm f\/2.8 L USM Canon EF-S 10-22mm f\/3.5-4.5 USM Tamron 17-50mm f\/2.8 LD XR DiII Tamron AF 70-300mm f\/4-5.6 Di LD Macro Canon EF-S 18-55mm f\/3.5-5.6 &#8211;&#8230;  <a href=\"https:\/\/www.photoexplore.ro\/blog\/gear\/\">Cite\u0219te mai departe&#8230;<\/a><\/p>\n","protected":false},"author":1,"featured_media":0,"parent":0,"menu_order":0,"comment_status":"open","ping_status":"open","template":"","meta":{"footnotes":""},"class_list":["post-17","page","type-page","status-publish","hentry"],"_links":{"self":[{"href":"https:\/\/www.photoexplore.ro\/blog\/wp-json\/wp\/v2\/pages\/17","targetHints":{"allow":["GET"]}}],"collection":[{"href":"https:\/\/www.photoexplore.ro\/blog\/wp-json\/wp\/v2\/pages"}],"about":[{"href":"https:\/\/www.photoexplore.ro\/blog\/wp-json\/wp\/v2\/types\/page"}],"author":[{"embeddable":true,"href":"https:\/\/www.photoexplore.ro\/blog\/wp-json\/wp\/v2\/users\/1"}],"replies":[{"embeddable":true,"href":"https:\/\/www.photoexplore.ro\/blog\/wp-json\/wp\/v2\/comments?post=17"}],"version-history":[{"count":11,"href":"https:\/\/www.photoexplore.ro\/blog\/wp-json\/wp\/v2\/pages\/17\/revisions"}],"predecessor-version":[{"id":787,"href":"https:\/\/www.photoexplore.ro\/blog\/wp-json\/wp\/v2\/pages\/17\/revisions\/787"}],"wp:attachment":[{"href":"https:\/\/www.photoexplore.ro\/blog\/wp-json\/wp\/v2\/media?parent=17"}],"curies":[{"name":"wp","href":"https:\/\/api.w.org\/{rel}","templated":true}]}}